{"id":520,"date":"2025-09-16T10:42:51","date_gmt":"2025-09-16T15:42:51","guid":{"rendered":"https:\/\/quickcapital.niivex.com\/?page_id=520"},"modified":"2025-09-29T22:17:44","modified_gmt":"2025-09-30T03:17:44","slug":"tailored-capital-solutions","status":"publish","type":"page","link":"https:\/\/quickcapitalad.com\/es\/tailored-capital-solutions\/","title":{"rendered":"Soluciones de Capital Personalizadas"},"content":{"rendered":"<div data-elementor-type=\"wp-page\" data-elementor-id=\"520\" class=\"elementor elementor-520\" data-elementor-post-type=\"page\">\n\t\t\t\t<div class=\"elementor-element elementor-element-13f6ab9 e-flex e-con-boxed e-con e-parent\" data-id=\"13f6ab9\" data-element_type=\"container\">\n\t\t\t\t\t<div class=\"e-con-inner\">\n\t\t<div class=\"elementor-element elementor-element-708f8ee e-con-full e-flex e-con e-child\" data-id=\"708f8ee\" data-element_type=\"container\" data-settings=\"{&quot;background_background&quot;:&quot;classic&quot;}\">\n\t\t\t\t<div class=\"elementor-element elementor-element-31cef2d elementor-widget__width-initial elementor-invisible elementor-widget elementor-widget-heading\" data-id=\"31cef2d\" data-element_type=\"widget\" data-settings=\"{&quot;_animation&quot;:&quot;fadeIn&quot;}\" data-widget_type=\"heading.default\">\n\t\t\t\t\t<h1 class=\"elementor-heading-title elementor-size-default\">Soluciones de Capital Personalizadas<\/h1>\t\t\t\t<\/div>\n\t\t\t\t<div class=\"elementor-element elementor-element-dc2e893 elementor-widget__width-initial elementor-invisible elementor-widget elementor-widget-heading\" data-id=\"dc2e893\" data-element_type=\"widget\" data-settings=\"{&quot;_animation&quot;:&quot;fadeIn&quot;}\" data-widget_type=\"heading.default\">\n\t\t\t\t\t<h2 class=\"elementor-heading-title elementor-size-default\">Si Puedes Imaginarlo, Podemos Estructurarlo.<\/h2>\t\t\t\t<\/div>\n\t\t\t\t<div class=\"elementor-element elementor-element-f64c5e3 elementor-widget__width-initial elementor-invisible elementor-widget elementor-widget-text-editor\" data-id=\"f64c5e3\" data-element_type=\"widget\" data-settings=\"{&quot;_animation&quot;:&quot;fadeIn&quot;,&quot;_animation_delay&quot;:200}\" data-widget_type=\"text-editor.default\">\n\t\t\t\t\t\t\t\t\t<p>Las Soluciones de Capital Personalizadas combinan rapidez, innovaci\u00f3n y flexibilidad para crear estructuras de financiamiento dise\u00f1adas seg\u00fan las necesidades \u00fanicas de tu negocio.<\/p>\t\t\t\t\t\t\t\t<\/div>\n\t\t\t\t<div class=\"elementor-element elementor-element-bef78f2 elementor-align-left elementor-invisible elementor-widget elementor-widget-button\" data-id=\"bef78f2\" data-element_type=\"widget\" data-settings=\"{&quot;_animation&quot;:&quot;fadeIn&quot;,&quot;_animation_delay&quot;:600}\" data-widget_type=\"button.default\">\n\t\t\t\t\t\t\t\t\t\t<a class=\"elementor-button elementor-button-link elementor-size-sm\" href=\"https:\/\/quickcapitalad.com\/es\/request-your-study\/\">\n\t\t\t\t\t\t<span class=\"elementor-button-content-wrapper\">\n\t\t\t\t\t\t<span class=\"elementor-button-icon\">\n\t\t\t\t<svg xmlns=\"http:\/\/www.w3.org\/2000\/svg\" xmlns:xlink=\"http:\/\/www.w3.org\/1999\/xlink\" width=\"512\" height=\"512\" x=\"0\" y=\"0\" viewbox=\"0 0 24 24\" style=\"enable-background:new 0 0 512 512\" xml:space=\"preserve\"><g><path fill=\"#ffffff\" d=\"M18 6H7v2h7.586l-9 9L7 18.414l9-9V17h2z\" opacity=\"1\" data-original=\"#000000\"><\/path><\/g><\/svg>\t\t\t<\/span>\n\t\t\t\t\t\t\t\t\t<span class=\"elementor-button-text\">Cont\u00e1ctanos Ahora<\/span>\n\t\t\t\t\t<\/span>\n\t\t\t\t\t<\/a>\n\t\t\t\t\t\t\t\t<\/div>\n\t\t\t\t<\/div>\n\t\t\t\t\t<\/div>\n\t\t\t\t<\/div>\n\t\t<div class=\"elementor-element elementor-element-63f8764e e-flex e-con-boxed e-con e-parent\" data-id=\"63f8764e\" data-element_type=\"container\">\n\t\t\t\t\t<div class=\"e-con-inner\">\n\t\t<div class=\"elementor-element elementor-element-42d87cae e-con-full e-flex elementor-invisible e-con e-child\" data-id=\"42d87cae\" data-element_type=\"container\" data-settings=\"{&quot;background_background&quot;:&quot;classic&quot;,&quot;animation&quot;:&quot;fadeIn&quot;}\">\n\t\t<div class=\"elementor-element elementor-element-376ae576 e-con-full e-flex elementor-invisible e-con e-child\" data-id=\"376ae576\" data-element_type=\"container\" data-settings=\"{&quot;background_background&quot;:&quot;classic&quot;,&quot;animation&quot;:&quot;fadeIn&quot;,&quot;animation_delay&quot;:200}\">\n\t\t\t\t<\/div>\n\t\t<div class=\"elementor-element elementor-element-31183831 e-con-full e-flex elementor-invisible e-con e-child\" data-id=\"31183831\" data-element_type=\"container\" data-settings=\"{&quot;background_background&quot;:&quot;classic&quot;,&quot;animation&quot;:&quot;fadeIn&quot;,&quot;animation_delay&quot;:200}\">\n\t\t\t\t<div class=\"elementor-element elementor-element-6dd39967 elementor-widget elementor-widget-heading\" data-id=\"6dd39967\" data-element_type=\"widget\" data-widget_type=\"heading.default\">\n\t\t\t\t\t<h3 class=\"elementor-heading-title elementor-size-default\"><b>M\u00e1s all\u00e1 de la velocidad: <\/b>Soluciones financieras dise\u00f1adas para tus Retos<\/h3>\t\t\t\t<\/div>\n\t\t\t\t<div class=\"elementor-element elementor-element-5fc105f6 elementor-widget elementor-widget-text-editor\" data-id=\"5fc105f6\" data-element_type=\"widget\" data-widget_type=\"text-editor.default\">\n\t\t\t\t\t\t\t\t\t<p>En Quick Capital, la rapidez es solo el comienzo. Nuestro verdadero valor radica en dise\u00f1ar soluciones financieras innovadoras y hechas a la medida que se adapten a tus desaf\u00edos. No creemos en f\u00f3rmulas \u00fanicas; creemos en construir soluciones reales para problemas reales, desbloqueando el crecimiento justo donde lo necesitas.<\/p><p>Con las Soluciones de Capital Personalizadas, podemos crear estructuras h\u00edbridas que van m\u00e1s all\u00e1 de los productos tradicionales. Desde combinar el financiamiento de \u00f3rdenes de compra con el confirming, hasta estructurar soluciones de pr\u00e9stamos basados en activos (ABL), adaptamos el capital a la forma de tu negocio. Ya sea gestionando la demanda estacional, financiando cadenas de suministro complejas o aprovechando activos para crecer, construimos la soluci\u00f3n que se ajusta a ti, no al rev\u00e9s.<\/p>\t\t\t\t\t\t\t\t<\/div>\n\t\t\t\t<\/div>\n\t\t\t\t<\/div>\n\t\t\t\t\t<\/div>\n\t\t\t\t<\/div>\n\t\t\t\t<\/div>","protected":false},"excerpt":{"rendered":"<p>If You Can Imagine It, We Can Build It. Tailored Capital Solutions combine speed, innovation, and flexibility to create financing structures designed around your unique business needs. Contact Us Now Beyond Speed: Financial Solutions Designed for Your Challenges At Quick Capital, speed is only the beginning. Our true value lies in designing innovative, tailor-made financial [&hellip;]<\/p>","protected":false},"author":1,"featured_media":0,"parent":0,"menu_order":0,"comment_status":"closed","ping_status":"closed","template":"","meta":{"footnotes":""},"class_list":["post-520","page","type-page","status-publish","hentry"],"yoast_head":"<!-- This site is optimized with the Yoast SEO plugin v26.1.1 - https:\/\/yoast.com\/wordpress\/plugins\/seo\/ -->\n<title>Tailored Capital Solutions - Quickcapital<\/title>\n<meta name=\"robots\" content=\"index, follow, max-snippet:-1, max-image-preview:large, max-video-preview:-1\" \/>\n<link rel=\"canonical\" href=\"https:\/\/quickcapitalad.com\/es\/tailored-capital-solutions\/\" \/>\n<meta property=\"og:locale\" content=\"es_ES\" \/>\n<meta property=\"og:type\" content=\"article\" \/>\n<meta property=\"og:title\" content=\"Tailored Capital Solutions - Quickcapital\" \/>\n<meta property=\"og:description\" content=\"If You Can Imagine It, We Can Build It. Tailored Capital Solutions combine speed, innovation, and flexibility to create financing structures designed around your unique business needs. Contact Us Now Beyond Speed: Financial Solutions Designed for Your Challenges At Quick Capital, speed is only the beginning. Our true value lies in designing innovative, tailor-made financial [&hellip;]\" \/>\n<meta property=\"og:url\" content=\"https:\/\/quickcapitalad.com\/es\/tailored-capital-solutions\/\" \/>\n<meta property=\"og:site_name\" content=\"Quickcapital\" \/>\n<meta property=\"article:modified_time\" content=\"2025-09-30T03:17:44+00:00\" \/>\n<meta property=\"og:image\" content=\"https:\/\/quickcapitalad.com\/wp-content\/uploads\/2025\/09\/Recurso-32@4x-1.webp\" \/>\n\t<meta property=\"og:image:width\" content=\"914\" \/>\n\t<meta property=\"og:image:height\" content=\"247\" \/>\n\t<meta property=\"og:image:type\" content=\"image\/webp\" \/>\n<meta name=\"twitter:card\" content=\"summary_large_image\" \/>\n<meta name=\"twitter:label1\" content=\"Tiempo de lectura\" \/>\n\t<meta name=\"twitter:data1\" content=\"1 minuto\" \/>\n<script type=\"application\/ld+json\" class=\"yoast-schema-graph\">{\"@context\":\"https:\/\/schema.org\",\"@graph\":[{\"@type\":\"WebPage\",\"@id\":\"https:\/\/quickcapitalad.com\/tailored-capital-solutions\/\",\"url\":\"https:\/\/quickcapitalad.com\/tailored-capital-solutions\/\",\"name\":\"Tailored Capital Solutions - Quickcapital\",\"isPartOf\":{\"@id\":\"https:\/\/quickcapitalad.com\/#website\"},\"datePublished\":\"2025-09-16T15:42:51+00:00\",\"dateModified\":\"2025-09-30T03:17:44+00:00\",\"breadcrumb\":{\"@id\":\"https:\/\/quickcapitalad.com\/tailored-capital-solutions\/#breadcrumb\"},\"inLanguage\":\"es\",\"potentialAction\":[{\"@type\":\"ReadAction\",\"target\":[\"https:\/\/quickcapitalad.com\/tailored-capital-solutions\/\"]}]},{\"@type\":\"BreadcrumbList\",\"@id\":\"https:\/\/quickcapitalad.com\/tailored-capital-solutions\/#breadcrumb\",\"itemListElement\":[{\"@type\":\"ListItem\",\"position\":1,\"name\":\"Portada\",\"item\":\"https:\/\/quickcapitalad.com\/\"},{\"@type\":\"ListItem\",\"position\":2,\"name\":\"Tailored Capital Solutions\"}]},{\"@type\":\"WebSite\",\"@id\":\"https:\/\/quickcapitalad.com\/#website\",\"url\":\"https:\/\/quickcapitalad.com\/\",\"name\":\"Quick Capital Advance\",\"description\":\"Liquidity solutions for your company\",\"publisher\":{\"@id\":\"https:\/\/quickcapitalad.com\/#organization\"},\"potentialAction\":[{\"@type\":\"SearchAction\",\"target\":{\"@type\":\"EntryPoint\",\"urlTemplate\":\"https:\/\/quickcapitalad.com\/?s={search_term_string}\"},\"query-input\":{\"@type\":\"PropertyValueSpecification\",\"valueRequired\":true,\"valueName\":\"search_term_string\"}}],\"inLanguage\":\"es\"},{\"@type\":\"Organization\",\"@id\":\"https:\/\/quickcapitalad.com\/#organization\",\"name\":\"Quickcapital\",\"url\":\"https:\/\/quickcapitalad.com\/\",\"logo\":{\"@type\":\"ImageObject\",\"inLanguage\":\"es\",\"@id\":\"https:\/\/quickcapitalad.com\/#\/schema\/logo\/image\/\",\"url\":\"https:\/\/quickcapitalad.com\/wp-content\/uploads\/2025\/09\/Recurso-32@4x-1.webp\",\"contentUrl\":\"https:\/\/quickcapitalad.com\/wp-content\/uploads\/2025\/09\/Recurso-32@4x-1.webp\",\"width\":914,\"height\":247,\"caption\":\"Quickcapital\"},\"image\":{\"@id\":\"https:\/\/quickcapitalad.com\/#\/schema\/logo\/image\/\"}}]}<\/script>\n<!-- \/ Yoast SEO plugin. -->","yoast_head_json":{"title":"Tailored Capital Solutions - Quickcapital","robots":{"index":"index","follow":"follow","max-snippet":"max-snippet:-1","max-image-preview":"max-image-preview:large","max-video-preview":"max-video-preview:-1"},"canonical":"https:\/\/quickcapitalad.com\/es\/tailored-capital-solutions\/","og_locale":"es_ES","og_type":"article","og_title":"Tailored Capital Solutions - Quickcapital","og_description":"If You Can Imagine It, We Can Build It. Tailored Capital Solutions combine speed, innovation, and flexibility to create financing structures designed around your unique business needs. Contact Us Now Beyond Speed: Financial Solutions Designed for Your Challenges At Quick Capital, speed is only the beginning. Our true value lies in designing innovative, tailor-made financial [&hellip;]","og_url":"https:\/\/quickcapitalad.com\/es\/tailored-capital-solutions\/","og_site_name":"Quickcapital","article_modified_time":"2025-09-30T03:17:44+00:00","og_image":[{"width":914,"height":247,"url":"https:\/\/quickcapitalad.com\/wp-content\/uploads\/2025\/09\/Recurso-32@4x-1.webp","type":"image\/webp"}],"twitter_card":"summary_large_image","twitter_misc":{"Tiempo de lectura":"1 minuto"},"schema":{"@context":"https:\/\/schema.org","@graph":[{"@type":"WebPage","@id":"https:\/\/quickcapitalad.com\/tailored-capital-solutions\/","url":"https:\/\/quickcapitalad.com\/tailored-capital-solutions\/","name":"Tailored Capital Solutions - Quickcapital","isPartOf":{"@id":"https:\/\/quickcapitalad.com\/#website"},"datePublished":"2025-09-16T15:42:51+00:00","dateModified":"2025-09-30T03:17:44+00:00","breadcrumb":{"@id":"https:\/\/quickcapitalad.com\/tailored-capital-solutions\/#breadcrumb"},"inLanguage":"es","potentialAction":[{"@type":"ReadAction","target":["https:\/\/quickcapitalad.com\/tailored-capital-solutions\/"]}]},{"@type":"BreadcrumbList","@id":"https:\/\/quickcapitalad.com\/tailored-capital-solutions\/#breadcrumb","itemListElement":[{"@type":"ListItem","position":1,"name":"Portada","item":"https:\/\/quickcapitalad.com\/"},{"@type":"ListItem","position":2,"name":"Tailored Capital Solutions"}]},{"@type":"WebSite","@id":"https:\/\/quickcapitalad.com\/#website","url":"https:\/\/quickcapitalad.com\/","name":"Quick Capital Advance","description":"Liquidity solutions for your company","publisher":{"@id":"https:\/\/quickcapitalad.com\/#organization"},"potentialAction":[{"@type":"SearchAction","target":{"@type":"EntryPoint","urlTemplate":"https:\/\/quickcapitalad.com\/?s={search_term_string}"},"query-input":{"@type":"PropertyValueSpecification","valueRequired":true,"valueName":"search_term_string"}}],"inLanguage":"es"},{"@type":"Organization","@id":"https:\/\/quickcapitalad.com\/#organization","name":"Quickcapital","url":"https:\/\/quickcapitalad.com\/","logo":{"@type":"ImageObject","inLanguage":"es","@id":"https:\/\/quickcapitalad.com\/#\/schema\/logo\/image\/","url":"https:\/\/quickcapitalad.com\/wp-content\/uploads\/2025\/09\/Recurso-32@4x-1.webp","contentUrl":"https:\/\/quickcapitalad.com\/wp-content\/uploads\/2025\/09\/Recurso-32@4x-1.webp","width":914,"height":247,"caption":"Quickcapital"},"image":{"@id":"https:\/\/quickcapitalad.com\/#\/schema\/logo\/image\/"}}]}},"_links":{"self":[{"href":"https:\/\/quickcapitalad.com\/es\/wp-json\/wp\/v2\/pages\/520","targetHints":{"allow":["GET"]}}],"collection":[{"href":"https:\/\/quickcapitalad.com\/es\/wp-json\/wp\/v2\/pages"}],"about":[{"href":"https:\/\/quickcapitalad.com\/es\/wp-json\/wp\/v2\/types\/page"}],"author":[{"embeddable":true,"href":"https:\/\/quickcapitalad.com\/es\/wp-json\/wp\/v2\/users\/1"}],"replies":[{"embeddable":true,"href":"https:\/\/quickcapitalad.com\/es\/wp-json\/wp\/v2\/comments?post=520"}],"version-history":[{"count":126,"href":"https:\/\/quickcapitalad.com\/es\/wp-json\/wp\/v2\/pages\/520\/revisions"}],"predecessor-version":[{"id":2246,"href":"https:\/\/quickcapitalad.com\/es\/wp-json\/wp\/v2\/pages\/520\/revisions\/2246"}],"wp:attachment":[{"href":"https:\/\/quickcapitalad.com\/es\/wp-json\/wp\/v2\/media?parent=520"}],"curies":[{"name":"wp","href":"https:\/\/api.w.org\/{rel}","templated":true}]}}